{"id":4424,"date":"2020-05-19T16:50:12","date_gmt":"2020-05-19T14:50:12","guid":{"rendered":"https:\/\/www.skyfixers.com\/politica-de-privacidad\/"},"modified":"2022-04-28T08:14:58","modified_gmt":"2022-04-28T06:14:58","slug":"politica-de-privacidad","status":"publish","type":"page","link":"https:\/\/www.skyfixers.com\/es\/politica-de-privacidad\/","title":{"rendered":"Pol\u00edtica de privacidad"},"content":{"rendered":"<p>[et_pb_section fb_built=\u00bb1&#8243; _builder_version=\u00bb3.26&#8243; link_option_url=\u00bb https:\/\/www.skyfixers.com\/politica-de-privacidad\/\u00bb global_colors_info=\u00bb{}\u00bb][et_pb_row _builder_version=\u00bb3.26&#8243; link_option_url=\u00bb https:\/\/www.skyfixers.com\/politica-de-privacitat\/\u00bb global_colors_info=\u00bb{}\u00bb][et_pb_column type=\u00bb4_4&#8243; _builder_version=\u00bb3.26&#8243; global_colors_info=\u00bb{}\u00bb][et_pb_text _builder_version=\u00bb3.27.4&#8243; link_option_url=\u00bb https:\/\/www.skyfixers.com\/politica-de-privacidad\/\u00bb global_colors_info=\u00bb{}\u00bb]<\/p>\n<h3 style=\"text-align: justify;\">Pol\u00edtica de Privacidad<\/h3>\n<p style=\"text-align: justify;\">El dominio www.skyfixers.com pertenece a:<\/p>\n<p style=\"text-align: justify;\">SKYFIXERS &#8211; MANTENIMENT I SEGURETAT EN AL\u00c7ADA SL.<\/p>\n<p style=\"text-align: justify;\">B-17868571<\/p>\n<p style=\"text-align: justify;\">c\/ CASES NOVES, 78<\/p>\n<p style=\"text-align: justify;\">17200 \u2013 PALAFRUGELL (GIRONA)<\/p>\n<p style=\"text-align: justify;\">TEL: 972 30 23 52<\/p>\n<p style=\"text-align: justify;\">FAX: 972 30 47 05<\/p>\n<p style=\"text-align: justify;\">info@skyfixers.com<\/p>\n<p style=\"text-align: justify;\">Est\u00e1 totalmente prohibida toda reproducci\u00f3n parcial o total de los contenidos del sitio web sin la autorizaci\u00f3n expresa del propietario del copyright.<\/p>\n<p style=\"text-align: justify;\"><strong>Propiedad intelectual y industrial<\/strong><\/p>\n<p style=\"text-align: justify;\">Skyfixers es propietario de este sitio web y titular de los derechos de propiedad intelectual e industrial del la llanura citada, as\u00ed como de todos los contenidos de la misma y el dominio www.skyfixers.com<\/p>\n<p style=\"text-align: justify;\">T\u00e9rminos y condiciones<\/p>\n<p style=\"text-align: justify;\">El acceso a este sitio web es responsabilidad exclusiva de los usuarios. El acceso y la navegaci\u00f3n en este sitio web supone aceptar y conocer las advertencias legales, condiciones y t\u00e9rminos de uso que contiene.<\/p>\n<p>[\/et_pb_text][\/et_pb_column][\/et_pb_row][\/et_pb_section]<\/p>\n","protected":false},"excerpt":{"rendered":"<p>Pol\u00edtica de Privacidad El dominio www.skyfixers.com pertenece a: SKYFIXERS &#8211; MANTENIMENT I SEGURETAT EN AL\u00c7ADA SL. B-17868571 c\/ CASES NOVES, 78 17200 \u2013 PALAFRUGELL (GIRONA) TEL: 972 30 23 52 FAX: 972 30 47 05 info@skyfixers.com Est\u00e1 totalmente prohibida toda reproducci\u00f3n parcial o total de los contenidos del sitio web sin la autorizaci\u00f3n expresa del [&hellip;]<\/p>\n","protected":false},"author":1,"featured_media":0,"parent":0,"menu_order":0,"comment_status":"closed","ping_status":"open","template":"","meta":{"_et_pb_use_builder":"on","_et_pb_old_content":"","_et_gb_content_width":"","footnotes":""},"class_list":["post-4424","page","type-page","status-publish","hentry"],"yoast_head":"<!-- This site is optimized with the Yoast SEO plugin v27.4 - https:\/\/yoast.com\/product\/yoast-seo-wordpress\/ -->\n<title>Pol\u00edtica de privacidad - Skyfixers<\/title>\n<meta name=\"description\" content=\"Est\u00e1 totalmente prohibida toda reproducci\u00f3n parcial o total de los contenidos del sitio web sin la autorizaci\u00f3n expresa del propietario del copyright.\" \/>\n<meta name=\"robots\" content=\"index, follow, max-snippet:-1, max-image-preview:large, max-video-preview:-1\" \/>\n<link rel=\"canonical\" href=\"https:\/\/www.skyfixers.com\/es\/politica-de-privacidad\/\" \/>\n<meta property=\"og:locale\" content=\"es_ES\" \/>\n<meta property=\"og:type\" content=\"article\" \/>\n<meta property=\"og:title\" content=\"Pol\u00edtica de privacidad - Skyfixers\" \/>\n<meta property=\"og:description\" content=\"Est\u00e1 totalmente prohibida toda reproducci\u00f3n parcial o total de los contenidos del sitio web sin la autorizaci\u00f3n expresa del propietario del copyright.\" \/>\n<meta property=\"og:url\" content=\"https:\/\/www.skyfixers.com\/es\/politica-de-privacidad\/\" \/>\n<meta property=\"og:site_name\" content=\"Skyfixers\" \/>\n<meta property=\"article:publisher\" content=\"https:\/\/www.facebook.com\/skyfixers\/\" \/>\n<meta property=\"article:modified_time\" content=\"2022-04-28T06:14:58+00:00\" \/>\n<meta name=\"twitter:card\" content=\"summary_large_image\" \/>\n<meta name=\"twitter:label1\" content=\"Tiempo de lectura\" \/>\n\t<meta name=\"twitter:data1\" content=\"1 minuto\" \/>\n<script type=\"application\/ld+json\" class=\"yoast-schema-graph\">{\"@context\":\"https:\\\/\\\/schema.org\",\"@graph\":[{\"@type\":\"WebPage\",\"@id\":\"https:\\\/\\\/www.skyfixers.com\\\/es\\\/politica-de-privacidad\\\/\",\"url\":\"https:\\\/\\\/www.skyfixers.com\\\/es\\\/politica-de-privacidad\\\/\",\"name\":\"Pol\u00edtica de privacidad - Skyfixers\",\"isPartOf\":{\"@id\":\"https:\\\/\\\/www.skyfixers.com\\\/es\\\/#website\"},\"datePublished\":\"2020-05-19T14:50:12+00:00\",\"dateModified\":\"2022-04-28T06:14:58+00:00\",\"description\":\"Est\u00e1 totalmente prohibida toda reproducci\u00f3n parcial o total de los contenidos del sitio web sin la autorizaci\u00f3n expresa del propietario del copyright.\",\"breadcrumb\":{\"@id\":\"https:\\\/\\\/www.skyfixers.com\\\/es\\\/politica-de-privacidad\\\/#breadcrumb\"},\"inLanguage\":\"es\",\"potentialAction\":[{\"@type\":\"ReadAction\",\"target\":[\"https:\\\/\\\/www.skyfixers.com\\\/es\\\/politica-de-privacidad\\\/\"]}]},{\"@type\":\"BreadcrumbList\",\"@id\":\"https:\\\/\\\/www.skyfixers.com\\\/es\\\/politica-de-privacidad\\\/#breadcrumb\",\"itemListElement\":[{\"@type\":\"ListItem\",\"position\":1,\"name\":\"Inici\",\"item\":\"https:\\\/\\\/www.skyfixers.com\\\/es\\\/\"},{\"@type\":\"ListItem\",\"position\":2,\"name\":\"Pol\u00edtica de privacidad\"}]},{\"@type\":\"WebSite\",\"@id\":\"https:\\\/\\\/www.skyfixers.com\\\/es\\\/#website\",\"url\":\"https:\\\/\\\/www.skyfixers.com\\\/es\\\/\",\"name\":\"Skyfixers\",\"description\":\"Seguretat per a treballs en al\u00e7ada\",\"publisher\":{\"@id\":\"https:\\\/\\\/www.skyfixers.com\\\/es\\\/#organization\"},\"potentialAction\":[{\"@type\":\"SearchAction\",\"target\":{\"@type\":\"EntryPoint\",\"urlTemplate\":\"https:\\\/\\\/www.skyfixers.com\\\/es\\\/?s={search_term_string}\"},\"query-input\":{\"@type\":\"PropertyValueSpecification\",\"valueRequired\":true,\"valueName\":\"search_term_string\"}}],\"inLanguage\":\"es\"},{\"@type\":\"Organization\",\"@id\":\"https:\\\/\\\/www.skyfixers.com\\\/es\\\/#organization\",\"name\":\"Skyfixers\",\"url\":\"https:\\\/\\\/www.skyfixers.com\\\/es\\\/\",\"logo\":{\"@type\":\"ImageObject\",\"inLanguage\":\"es\",\"@id\":\"https:\\\/\\\/www.skyfixers.com\\\/es\\\/#\\\/schema\\\/logo\\\/image\\\/\",\"url\":\"https:\\\/\\\/www.skyfixers.com\\\/wp-content\\\/uploads\\\/2020\\\/02\\\/skyfixers-home.png\",\"contentUrl\":\"https:\\\/\\\/www.skyfixers.com\\\/wp-content\\\/uploads\\\/2020\\\/02\\\/skyfixers-home.png\",\"width\":411,\"height\":89,\"caption\":\"Skyfixers\"},\"image\":{\"@id\":\"https:\\\/\\\/www.skyfixers.com\\\/es\\\/#\\\/schema\\\/logo\\\/image\\\/\"},\"sameAs\":[\"https:\\\/\\\/www.facebook.com\\\/skyfixers\\\/\",\"https:\\\/\\\/www.instagram.com\\\/skyfixers\\\/\",\"https:\\\/\\\/www.youtube.com\\\/channel\\\/UC5jDJx-TfIXIPgNMlehvlmQ?view_as=subscriber\"]}]}<\/script>\n<!-- \/ Yoast SEO plugin. -->","yoast_head_json":{"title":"Pol\u00edtica de privacidad - Skyfixers","description":"Est\u00e1 totalmente prohibida toda reproducci\u00f3n parcial o total de los contenidos del sitio web sin la autorizaci\u00f3n expresa del propietario del copyright.","robots":{"index":"index","follow":"follow","max-snippet":"max-snippet:-1","max-image-preview":"max-image-preview:large","max-video-preview":"max-video-preview:-1"},"canonical":"https:\/\/www.skyfixers.com\/es\/politica-de-privacidad\/","og_locale":"es_ES","og_type":"article","og_title":"Pol\u00edtica de privacidad - Skyfixers","og_description":"Est\u00e1 totalmente prohibida toda reproducci\u00f3n parcial o total de los contenidos del sitio web sin la autorizaci\u00f3n expresa del propietario del copyright.","og_url":"https:\/\/www.skyfixers.com\/es\/politica-de-privacidad\/","og_site_name":"Skyfixers","article_publisher":"https:\/\/www.facebook.com\/skyfixers\/","article_modified_time":"2022-04-28T06:14:58+00:00","twitter_card":"summary_large_image","twitter_misc":{"Tiempo de lectura":"1 minuto"},"schema":{"@context":"https:\/\/schema.org","@graph":[{"@type":"WebPage","@id":"https:\/\/www.skyfixers.com\/es\/politica-de-privacidad\/","url":"https:\/\/www.skyfixers.com\/es\/politica-de-privacidad\/","name":"Pol\u00edtica de privacidad - Skyfixers","isPartOf":{"@id":"https:\/\/www.skyfixers.com\/es\/#website"},"datePublished":"2020-05-19T14:50:12+00:00","dateModified":"2022-04-28T06:14:58+00:00","description":"Est\u00e1 totalmente prohibida toda reproducci\u00f3n parcial o total de los contenidos del sitio web sin la autorizaci\u00f3n expresa del propietario del copyright.","breadcrumb":{"@id":"https:\/\/www.skyfixers.com\/es\/politica-de-privacidad\/#breadcrumb"},"inLanguage":"es","potentialAction":[{"@type":"ReadAction","target":["https:\/\/www.skyfixers.com\/es\/politica-de-privacidad\/"]}]},{"@type":"BreadcrumbList","@id":"https:\/\/www.skyfixers.com\/es\/politica-de-privacidad\/#breadcrumb","itemListElement":[{"@type":"ListItem","position":1,"name":"Inici","item":"https:\/\/www.skyfixers.com\/es\/"},{"@type":"ListItem","position":2,"name":"Pol\u00edtica de privacidad"}]},{"@type":"WebSite","@id":"https:\/\/www.skyfixers.com\/es\/#website","url":"https:\/\/www.skyfixers.com\/es\/","name":"Skyfixers","description":"Seguretat per a treballs en al\u00e7ada","publisher":{"@id":"https:\/\/www.skyfixers.com\/es\/#organization"},"potentialAction":[{"@type":"SearchAction","target":{"@type":"EntryPoint","urlTemplate":"https:\/\/www.skyfixers.com\/es\/?s={search_term_string}"},"query-input":{"@type":"PropertyValueSpecification","valueRequired":true,"valueName":"search_term_string"}}],"inLanguage":"es"},{"@type":"Organization","@id":"https:\/\/www.skyfixers.com\/es\/#organization","name":"Skyfixers","url":"https:\/\/www.skyfixers.com\/es\/","logo":{"@type":"ImageObject","inLanguage":"es","@id":"https:\/\/www.skyfixers.com\/es\/#\/schema\/logo\/image\/","url":"https:\/\/www.skyfixers.com\/wp-content\/uploads\/2020\/02\/skyfixers-home.png","contentUrl":"https:\/\/www.skyfixers.com\/wp-content\/uploads\/2020\/02\/skyfixers-home.png","width":411,"height":89,"caption":"Skyfixers"},"image":{"@id":"https:\/\/www.skyfixers.com\/es\/#\/schema\/logo\/image\/"},"sameAs":["https:\/\/www.facebook.com\/skyfixers\/","https:\/\/www.instagram.com\/skyfixers\/","https:\/\/www.youtube.com\/channel\/UC5jDJx-TfIXIPgNMlehvlmQ?view_as=subscriber"]}]}},"_links":{"self":[{"href":"https:\/\/www.skyfixers.com\/es\/wp-json\/wp\/v2\/pages\/4424","targetHints":{"allow":["GET"]}}],"collection":[{"href":"https:\/\/www.skyfixers.com\/es\/wp-json\/wp\/v2\/pages"}],"about":[{"href":"https:\/\/www.skyfixers.com\/es\/wp-json\/wp\/v2\/types\/page"}],"author":[{"embeddable":true,"href":"https:\/\/www.skyfixers.com\/es\/wp-json\/wp\/v2\/users\/1"}],"replies":[{"embeddable":true,"href":"https:\/\/www.skyfixers.com\/es\/wp-json\/wp\/v2\/comments?post=4424"}],"version-history":[{"count":2,"href":"https:\/\/www.skyfixers.com\/es\/wp-json\/wp\/v2\/pages\/4424\/revisions"}],"predecessor-version":[{"id":5677,"href":"https:\/\/www.skyfixers.com\/es\/wp-json\/wp\/v2\/pages\/4424\/revisions\/5677"}],"wp:attachment":[{"href":"https:\/\/www.skyfixers.com\/es\/wp-json\/wp\/v2\/media?parent=4424"}],"curies":[{"name":"wp","href":"https:\/\/api.w.org\/{rel}","templated":true}]}}