{"id":4426,"date":"2020-05-19T17:10:14","date_gmt":"2020-05-19T15:10:14","guid":{"rendered":"https:\/\/www.skyfixers.com\/aviso-legal\/"},"modified":"2022-04-27T12:07:52","modified_gmt":"2022-04-27T10:07:52","slug":"aviso-legal","status":"publish","type":"page","link":"https:\/\/www.skyfixers.com\/es\/aviso-legal\/","title":{"rendered":"Aviso Legal"},"content":{"rendered":"<p>[et_pb_section fb_built=\u00bb1&#8243; _builder_version=\u00bb4.14.3&#8243; global_colors_info=\u00bb{}\u00bb][et_pb_row _builder_version=\u00bb3.26&#8243; global_colors_info=\u00bb{}\u00bb][et_pb_column type=\u00bb4_4&#8243; _builder_version=\u00bb3.26&#8243; global_colors_info=\u00bb{}\u00bb][et_pb_text _builder_version=\u00bb3.27.4&#8243; global_colors_info=\u00bb{}\u00bb]<\/p>\n<h3 style=\"text-align: justify;\">Aviso Legal<\/h3>\n<h3 style=\"text-align: justify;\"><span style=\"color: #666666; font-size: 14px;\">Amb el fin de dar <strong>cumplimiento<\/strong> al art\u00edculo 10 de la Ley 34\/2002 de Servicios de la Sociedad de laInformaci\u00f3 y del Comercio Electr\u00f3nico, informamos a los usuarios de nuestros datos: Denominaci\u00f3n Social: MANTENIMENT I SEGURETAT EN AL\u00c7ADA S.L<\/span><\/h3>\n<h3 style=\"text-align: justify;\"><span style=\"color: #666666; font-size: 14px;\">Domicilio Social: C \/ casas nuevas 78.17200 (Girona)<\/span><\/h3>\n<p style=\"text-align: justify;\">NIF:B17868571<\/p>\n<p style=\"text-align: justify;\">Tel\u00e8fono: 972302352<\/p>\n<h3 style=\"text-align: justify;\"><span style=\"color: #666666; font-size: 14px;\">E-Mail:\u00a0administracio@skyfixers.com<\/span><\/h3>\n<h3 style=\"text-align: justify;\"><span style=\"color: #666666; font-size: 14px;\">Sitio Web: \u00a0www.skyfixers.com<\/span><\/h3>\n<h3 style=\"text-align: justify;\"><span style=\"color: #666666; font-size: 14px;\">1.- <strong>OBJECTO<\/strong><\/span><\/h3>\n<h3 style=\"text-align: justify;\"><span style=\"color: #666666; font-size: 14px;\">MANTENIMENT I SEGURETAT EN AL\u00c7ADA S.L (en adelante tambi\u00e9n el prestador) como responsable del sitio web, pone a disposici\u00f3n de los usuarios el presente documento que regula el uso del sitio web www.skyfixers.com, con el que pretendemos dar cumplimiento a las obligaciones que dispone la Ley 34\/2002, de Servicios de la Sociedad de la informaci\u00f3n y del Comercio Electr\u00f3nico (LSSICE o LSSI), as\u00ed como informar a todos los usuarios del sitio web respecte de cu\u00e1les son las condiciones de uso del sitio web.<\/span><\/h3>\n<h3 style=\"text-align: justify;\"><span style=\"color: #666666; font-size: 14px;\">Adem\u00e1s trav\u00e9s de la Web, MANTENIMENT I SEGURETAT EN AL\u00c7ADA S.L\u00a0 facilita a los usuarios el acceso y la utilizaci\u00f3n diferentes servicios y contenidos puestos a disposici\u00f3n a trav\u00e9s de la web.<\/span><\/h3>\n<h3 style=\"text-align: justify;\"><span style=\"color: #666666; font-size: 14px;\">Toda persona que acceda a esta web asume el papel de usuario (en adelante usuario), y implica la aceptaci\u00f3n total y sin reservas de todas y cada una de las disposiciones incluidas en este aviso legal, as\u00ed como cualquier otra disposici\u00f3n legal que sea de aplicaci\u00f3n.<\/span><\/h3>\n<h3 style=\"text-align: justify;\"><span style=\"color: #666666; font-size: 14px;\">Como usuarios deben leer atentamente el presente Aviso legal en cualquiera de las ocasiones que entren en la web, pues \u00e9sta puede sufrir modificaciones ya que el prestador se reserva el derecho a modificar cualquier tipos de informaci\u00f3n que pueda aparecer en la web, sin que exista la obligaci\u00f3n de pre aviso o poner en conocimiento los usuarios dichas obligaciones, siendo suficientes la publicaci\u00f3n en la p\u00e1gina web del prestador<\/span><\/h3>\n<h3 style=\"text-align: justify;\"><strong><span style=\"color: #666666; font-size: 14px;\">2. Condicione DE ACCESO Y USO DE LA WEB.<\/span><\/strong><\/h3>\n<h3 style=\"text-align: justify;\"><span style=\"color: #666666; font-size: 14px;\">.2.1. Car\u00e1cter gratuito del acceso y uso de la web.La prestaci\u00f3n de los servicios por parte de MANTENIMENT I SEGURETAT EN AL\u00c7ADA S.L tiene car\u00e1cter gratuito para todos los usuarios. No obstante, algunos de los servicios suministrados por el prestador a trav\u00e9s de la web est\u00e1n sujetos al pago de un precio determinado en las condiciones generales de concentraci\u00f3n.<\/span><\/h3>\n<h3 style=\"text-align: justify;\"><span style=\"color: #666666; font-size: 14px;\">2.2. Registro de usuarios.Con car\u00e1cter general la prestaci\u00f3n de los servicios no exige la previa suscripci\u00f3n o registro de los usuarios. Todo y eso, MANTENIMENT I SEGURETAT EN AL\u00c7ADA S.Lcondiciona el uso de algunos de los servicios a la previa complementaci\u00f3n del correspondiente registro de usuario. Este registro se efectuar\u00e1 en la forma expresamente indicada en la propia secci\u00f3n del servicio.<\/span><\/h3>\n<h3 style=\"text-align: justify;\"><span style=\"color: #666666; font-size: 14px;\">2.3. Veracidad de la informaci\u00f3n. Toda la informaci\u00f3n que facilita el usuario debe ser cierta. A estos efectos, el usuario garantiza la autenticidad los datos comunicados a trav\u00e9s de los formularios para la suscripci\u00f3n de los servicios. Ser\u00e1 responsabilidad del usuario mantener toda la informaci\u00f3n facilitada a MANTENIMENT I SEGURETAT EN AL\u00c7ADA S.L permanentemente actualizada de forma que responda, en cada momento, a su situaci\u00f3n real. En todo caso, el usuario ser\u00e1 el \u00fanico responsable de las manifestaciones falsas o inexactas que realice y de los perjuicios que causa al prestador o en terceros.<\/span><\/h3>\n<h3 style=\"text-align: justify;\"><span style=\"color: #666666; font-size: 14px;\">.2.4. Menores de edad .Por el uso de los servicios, los menores de edad deben obtener siempre previamente el consentimiento de los padres, tutores o representantes legales, responsables \u00faltimos de todos los actos realizados por los menores a su cargo. La responsabilidad en la determinaci\u00f3n de contenidos concretos, a los que acceden los menores corresponde a aquellas, es por eso que si acceden a contenido no apropiados por Internet, deber\u00e1n establecerse en sus ordenadores mecanismos, en particular programas inform\u00e1ticos, filtros y bloqueos, que permitan limitar los contenidos disponibles y, aunque no sean infalibles, son de especial utilidad para controlar y restringir los materiales los que pueden acceder los menores.<\/span><\/h3>\n<h3 style=\"text-align: justify;\"><span style=\"color: #666666; font-size: 14px;\">2.5. Obligaci\u00f3n de hacer un uso correcto de la Web.<\/span><\/h3>\n<h3 style=\"text-align: justify;\"><span style=\"color: #666666; font-size: 14px;\">El usuario se compromete a utilizar la web de conformidad a la Ley y al presente Aviso Legal, as\u00ed como a la moral ya las buenas costumbres. A tal efecto, el usuario se abstendr\u00e1 de utilizar la p\u00e1gina con fines il\u00edcitos o prohibidos, lesivos de derechos e intereses de terceros, o que de cualquier forma puedan da\u00f1ar, inutilizar, sobrecargar, deteriorar o impedir la normal utilizaci\u00f3n de equipos inform\u00e1ticos o documentos, archivos y toda clases de contenidos almacenados en cualquier equipo inform\u00e1tico del prestador.En particular, ya t\u00edtulo indicativo pero no exhaustivo, el usuario se compromete a no transmitir, difundir o poner a disposici\u00f3n de terceros informaciones, datos, contenidos, mensajes , gr\u00e1ficas, dibujos, archivos de sonido o imagen, fotograf\u00edas, grabaciones, software y, en general, cualquier clase de material que: (a) sea contar\u00eda, menosprecie o atente contra los derechos fundamentales y las libertades p\u00fablicas reconocidas\u00a0 constitucionalmente, en tratados internacionales y otras normas vigentes; (b) induzca, incite o promueva actuaciones delictivas, denigratorias, difamatorias, violentas o, en general, contrarias a la ley, a la moral y al orden p\u00fablico; (c) induzca, incite o promueva actuaciones, ac<\/span><\/h3>\n<p>[\/et_pb_text][\/et_pb_column][\/et_pb_row][\/et_pb_section]<\/p>\n","protected":false},"excerpt":{"rendered":"<p>Aviso Legal Amb el fin de dar cumplimiento al art\u00edculo 10 de la Ley 34\/2002 de Servicios de la Sociedad de laInformaci\u00f3 y del Comercio Electr\u00f3nico, informamos a los usuarios de nuestros datos: Denominaci\u00f3n Social: MANTENIMENT I SEGURETAT EN AL\u00c7ADA S.L Domicilio Social: C \/ casas nuevas 78.17200 (Girona) NIF:B17868571 Tel\u00e8fono: 972302352 E-Mail:\u00a0administracio@skyfixers.com Sitio Web: [&hellip;]<\/p>\n","protected":false},"author":1,"featured_media":0,"parent":0,"menu_order":0,"comment_status":"closed","ping_status":"closed","template":"","meta":{"_et_pb_use_builder":"on","_et_pb_old_content":"","_et_gb_content_width":"","footnotes":""},"class_list":["post-4426","page","type-page","status-publish","hentry"],"yoast_head":"<!-- This site is optimized with the Yoast SEO plugin v27.4 - https:\/\/yoast.com\/product\/yoast-seo-wordpress\/ -->\n<title>Aviso Legal - Skyfixers<\/title>\n<meta name=\"description\" content=\"El aviso legal tiene el objetivo de informar a todos los usuarios del sitio web sobre las condiciones de uso del sitio web y del cumplimiento de la ley 34\/2002\" \/>\n<meta name=\"robots\" content=\"index, follow, max-snippet:-1, max-image-preview:large, max-video-preview:-1\" \/>\n<link rel=\"canonical\" href=\"https:\/\/www.skyfixers.com\/es\/aviso-legal\/\" \/>\n<meta property=\"og:locale\" content=\"es_ES\" \/>\n<meta property=\"og:type\" content=\"article\" \/>\n<meta property=\"og:title\" content=\"Aviso Legal - Skyfixers\" \/>\n<meta property=\"og:description\" content=\"El aviso legal tiene el objetivo de informar a todos los usuarios del sitio web sobre las condiciones de uso del sitio web y del cumplimiento de la ley 34\/2002\" \/>\n<meta property=\"og:url\" content=\"https:\/\/www.skyfixers.com\/es\/aviso-legal\/\" \/>\n<meta property=\"og:site_name\" content=\"Skyfixers\" \/>\n<meta property=\"article:publisher\" content=\"https:\/\/www.facebook.com\/skyfixers\/\" \/>\n<meta property=\"article:modified_time\" content=\"2022-04-27T10:07:52+00:00\" \/>\n<meta name=\"twitter:card\" content=\"summary_large_image\" \/>\n<meta name=\"twitter:label1\" content=\"Tiempo de lectura\" \/>\n\t<meta name=\"twitter:data1\" content=\"5 minutos\" \/>\n<script type=\"application\/ld+json\" class=\"yoast-schema-graph\">{\"@context\":\"https:\\\/\\\/schema.org\",\"@graph\":[{\"@type\":\"WebPage\",\"@id\":\"https:\\\/\\\/www.skyfixers.com\\\/es\\\/aviso-legal\\\/\",\"url\":\"https:\\\/\\\/www.skyfixers.com\\\/es\\\/aviso-legal\\\/\",\"name\":\"Aviso Legal - Skyfixers\",\"isPartOf\":{\"@id\":\"https:\\\/\\\/www.skyfixers.com\\\/es\\\/#website\"},\"datePublished\":\"2020-05-19T15:10:14+00:00\",\"dateModified\":\"2022-04-27T10:07:52+00:00\",\"description\":\"El aviso legal tiene el objetivo de informar a todos los usuarios del sitio web sobre las condiciones de uso del sitio web y del cumplimiento de la ley 34\\\/2002\",\"breadcrumb\":{\"@id\":\"https:\\\/\\\/www.skyfixers.com\\\/es\\\/aviso-legal\\\/#breadcrumb\"},\"inLanguage\":\"es\",\"potentialAction\":[{\"@type\":\"ReadAction\",\"target\":[\"https:\\\/\\\/www.skyfixers.com\\\/es\\\/aviso-legal\\\/\"]}]},{\"@type\":\"BreadcrumbList\",\"@id\":\"https:\\\/\\\/www.skyfixers.com\\\/es\\\/aviso-legal\\\/#breadcrumb\",\"itemListElement\":[{\"@type\":\"ListItem\",\"position\":1,\"name\":\"Inici\",\"item\":\"https:\\\/\\\/www.skyfixers.com\\\/es\\\/\"},{\"@type\":\"ListItem\",\"position\":2,\"name\":\"Aviso Legal\"}]},{\"@type\":\"WebSite\",\"@id\":\"https:\\\/\\\/www.skyfixers.com\\\/es\\\/#website\",\"url\":\"https:\\\/\\\/www.skyfixers.com\\\/es\\\/\",\"name\":\"Skyfixers\",\"description\":\"Seguretat per a treballs en al\u00e7ada\",\"publisher\":{\"@id\":\"https:\\\/\\\/www.skyfixers.com\\\/es\\\/#organization\"},\"potentialAction\":[{\"@type\":\"SearchAction\",\"target\":{\"@type\":\"EntryPoint\",\"urlTemplate\":\"https:\\\/\\\/www.skyfixers.com\\\/es\\\/?s={search_term_string}\"},\"query-input\":{\"@type\":\"PropertyValueSpecification\",\"valueRequired\":true,\"valueName\":\"search_term_string\"}}],\"inLanguage\":\"es\"},{\"@type\":\"Organization\",\"@id\":\"https:\\\/\\\/www.skyfixers.com\\\/es\\\/#organization\",\"name\":\"Skyfixers\",\"url\":\"https:\\\/\\\/www.skyfixers.com\\\/es\\\/\",\"logo\":{\"@type\":\"ImageObject\",\"inLanguage\":\"es\",\"@id\":\"https:\\\/\\\/www.skyfixers.com\\\/es\\\/#\\\/schema\\\/logo\\\/image\\\/\",\"url\":\"https:\\\/\\\/www.skyfixers.com\\\/wp-content\\\/uploads\\\/2020\\\/02\\\/skyfixers-home.png\",\"contentUrl\":\"https:\\\/\\\/www.skyfixers.com\\\/wp-content\\\/uploads\\\/2020\\\/02\\\/skyfixers-home.png\",\"width\":411,\"height\":89,\"caption\":\"Skyfixers\"},\"image\":{\"@id\":\"https:\\\/\\\/www.skyfixers.com\\\/es\\\/#\\\/schema\\\/logo\\\/image\\\/\"},\"sameAs\":[\"https:\\\/\\\/www.facebook.com\\\/skyfixers\\\/\",\"https:\\\/\\\/www.instagram.com\\\/skyfixers\\\/\",\"https:\\\/\\\/www.youtube.com\\\/channel\\\/UC5jDJx-TfIXIPgNMlehvlmQ?view_as=subscriber\"]}]}<\/script>\n<!-- \/ Yoast SEO plugin. -->","yoast_head_json":{"title":"Aviso Legal - Skyfixers","description":"El aviso legal tiene el objetivo de informar a todos los usuarios del sitio web sobre las condiciones de uso del sitio web y del cumplimiento de la ley 34\/2002","robots":{"index":"index","follow":"follow","max-snippet":"max-snippet:-1","max-image-preview":"max-image-preview:large","max-video-preview":"max-video-preview:-1"},"canonical":"https:\/\/www.skyfixers.com\/es\/aviso-legal\/","og_locale":"es_ES","og_type":"article","og_title":"Aviso Legal - Skyfixers","og_description":"El aviso legal tiene el objetivo de informar a todos los usuarios del sitio web sobre las condiciones de uso del sitio web y del cumplimiento de la ley 34\/2002","og_url":"https:\/\/www.skyfixers.com\/es\/aviso-legal\/","og_site_name":"Skyfixers","article_publisher":"https:\/\/www.facebook.com\/skyfixers\/","article_modified_time":"2022-04-27T10:07:52+00:00","twitter_card":"summary_large_image","twitter_misc":{"Tiempo de lectura":"5 minutos"},"schema":{"@context":"https:\/\/schema.org","@graph":[{"@type":"WebPage","@id":"https:\/\/www.skyfixers.com\/es\/aviso-legal\/","url":"https:\/\/www.skyfixers.com\/es\/aviso-legal\/","name":"Aviso Legal - Skyfixers","isPartOf":{"@id":"https:\/\/www.skyfixers.com\/es\/#website"},"datePublished":"2020-05-19T15:10:14+00:00","dateModified":"2022-04-27T10:07:52+00:00","description":"El aviso legal tiene el objetivo de informar a todos los usuarios del sitio web sobre las condiciones de uso del sitio web y del cumplimiento de la ley 34\/2002","breadcrumb":{"@id":"https:\/\/www.skyfixers.com\/es\/aviso-legal\/#breadcrumb"},"inLanguage":"es","potentialAction":[{"@type":"ReadAction","target":["https:\/\/www.skyfixers.com\/es\/aviso-legal\/"]}]},{"@type":"BreadcrumbList","@id":"https:\/\/www.skyfixers.com\/es\/aviso-legal\/#breadcrumb","itemListElement":[{"@type":"ListItem","position":1,"name":"Inici","item":"https:\/\/www.skyfixers.com\/es\/"},{"@type":"ListItem","position":2,"name":"Aviso Legal"}]},{"@type":"WebSite","@id":"https:\/\/www.skyfixers.com\/es\/#website","url":"https:\/\/www.skyfixers.com\/es\/","name":"Skyfixers","description":"Seguretat per a treballs en al\u00e7ada","publisher":{"@id":"https:\/\/www.skyfixers.com\/es\/#organization"},"potentialAction":[{"@type":"SearchAction","target":{"@type":"EntryPoint","urlTemplate":"https:\/\/www.skyfixers.com\/es\/?s={search_term_string}"},"query-input":{"@type":"PropertyValueSpecification","valueRequired":true,"valueName":"search_term_string"}}],"inLanguage":"es"},{"@type":"Organization","@id":"https:\/\/www.skyfixers.com\/es\/#organization","name":"Skyfixers","url":"https:\/\/www.skyfixers.com\/es\/","logo":{"@type":"ImageObject","inLanguage":"es","@id":"https:\/\/www.skyfixers.com\/es\/#\/schema\/logo\/image\/","url":"https:\/\/www.skyfixers.com\/wp-content\/uploads\/2020\/02\/skyfixers-home.png","contentUrl":"https:\/\/www.skyfixers.com\/wp-content\/uploads\/2020\/02\/skyfixers-home.png","width":411,"height":89,"caption":"Skyfixers"},"image":{"@id":"https:\/\/www.skyfixers.com\/es\/#\/schema\/logo\/image\/"},"sameAs":["https:\/\/www.facebook.com\/skyfixers\/","https:\/\/www.instagram.com\/skyfixers\/","https:\/\/www.youtube.com\/channel\/UC5jDJx-TfIXIPgNMlehvlmQ?view_as=subscriber"]}]}},"_links":{"self":[{"href":"https:\/\/www.skyfixers.com\/es\/wp-json\/wp\/v2\/pages\/4426","targetHints":{"allow":["GET"]}}],"collection":[{"href":"https:\/\/www.skyfixers.com\/es\/wp-json\/wp\/v2\/pages"}],"about":[{"href":"https:\/\/www.skyfixers.com\/es\/wp-json\/wp\/v2\/types\/page"}],"author":[{"embeddable":true,"href":"https:\/\/www.skyfixers.com\/es\/wp-json\/wp\/v2\/users\/1"}],"replies":[{"embeddable":true,"href":"https:\/\/www.skyfixers.com\/es\/wp-json\/wp\/v2\/comments?post=4426"}],"version-history":[{"count":3,"href":"https:\/\/www.skyfixers.com\/es\/wp-json\/wp\/v2\/pages\/4426\/revisions"}],"predecessor-version":[{"id":5662,"href":"https:\/\/www.skyfixers.com\/es\/wp-json\/wp\/v2\/pages\/4426\/revisions\/5662"}],"wp:attachment":[{"href":"https:\/\/www.skyfixers.com\/es\/wp-json\/wp\/v2\/media?parent=4426"}],"curies":[{"name":"wp","href":"https:\/\/api.w.org\/{rel}","templated":true}]}}